{"id":115,"date":"2016-05-29T20:40:17","date_gmt":"2016-05-29T19:40:17","guid":{"rendered":"https:\/\/cyclaigoual-vtt-route.com\/?page_id=115"},"modified":"2020-09-01T20:58:36","modified_gmt":"2020-09-01T19:58:36","slug":"photos-videos","status":"publish","type":"page","link":"https:\/\/www.cyclaigoual-vtt-route.com\/index.php\/photos-videos\/","title":{"rendered":"Photos &#038; Vid\u00e9os"},"content":{"rendered":"<p>2020<\/p>\n<p><iframe loading=\"lazy\" title=\"Cycl&#039;Aigoual R\u00e9gion Occitanie 2020   Cyclo\" width=\"750\" height=\"422\" src=\"https:\/\/www.youtube.com\/embed\/yomfbU3u41Y?feature=oembed\" frameborder=\"0\" allow=\"accelerometer; autoplay; encrypted-media; gyroscope; picture-in-picture\" allowfullscreen><\/iframe><\/p>\n<p><iframe loading=\"lazy\" title=\"Cycl&#039;Aigoual R\u00e9gion Occitanie 2020   VTT\" width=\"750\" height=\"422\" src=\"https:\/\/www.youtube.com\/embed\/bPjVA2km-No?feature=oembed\" frameborder=\"0\" allow=\"accelerometer; autoplay; encrypted-media; gyroscope; picture-in-picture\" allowfullscreen><\/iframe><\/p>\n<p>2019<\/p>\n<ul>\n<li><a href=\"https:\/\/cyclaigoual-vtt-route.com\/index.php\/photos-championnat-de-france-master-2019\/\">Photos Championnat de France Master<\/a><\/li>\n<li><a href=\"https:\/\/cyclaigoual-vtt-route.com\/index.php\/photos-route-2019\/\">Photos Bouticycle Aigoual Route<\/a><\/li>\n<li><a href=\"https:\/\/cyclaigoual-vtt-route.com\/index.php\/photos-cyclaigoual-vtt-route-vtt-2019\/\">Photos Bouticyle Aigoual VTT<\/a><\/li>\n<\/ul>\n<p>2018<\/p>\n<ul>\n<li><a href=\"https:\/\/cyclaigoual-vtt-route.com\/?page_id=566&amp;preview=true\">Photos VTT<\/a><\/li>\n<li><a href=\"https:\/\/cyclaigoual-vtt-route.com\/index.php\/photos-route-2018\/\">Photos Route<\/a><\/li>\n<\/ul>\n<p><iframe loading=\"lazy\" title=\"2018 \u2013 1\u201940\u2019\u2019 Bouticycle Aigoual Route\" width=\"750\" height=\"422\" src=\"https:\/\/www.youtube.com\/embed\/dB9DiuKr4cw?feature=oembed\" frameborder=\"0\" allow=\"accelerometer; autoplay; encrypted-media; gyroscope; picture-in-picture\" allowfullscreen><\/iframe><\/p>\n<p><iframe loading=\"lazy\" title=\"2018 - 1&#039;56 Bouticycle Aigoual VTT\" width=\"750\" height=\"422\" src=\"https:\/\/www.youtube.com\/embed\/rsFK1-IvoLg?feature=oembed\" frameborder=\"0\" allow=\"accelerometer; autoplay; encrypted-media; gyroscope; picture-in-picture\" allowfullscreen><\/iframe><\/p>\n<p>2017<\/p>\n<ul>\n<li><a href=\"https:\/\/www.youtube.com\/watch?v=S-9mM7yh0oY\">Miguel Martinez \u00e0 nouveau champion de France (parrain de la Bouticycle Aigoual)<\/a><\/li>\n<\/ul>\n<p>2015<\/p>\n<ul>\n<li><a href=\"https:\/\/ericjouve.com\/even2012\/index.php?cat=193\">VTT 2015 \u00e0 L&rsquo;Esp\u00e9rou<\/a><\/li>\n<li><a href=\"https:\/\/ericjouve.com\/even2012\/index.php?cat=192\">Route 2015 \u00e0 L&rsquo;Esp\u00e9rou<\/a><\/li>\n<\/ul>\n<p>2014<\/p>\n<ul>\n<li><a href=\"https:\/\/ericjouve.com\/even2012\/index.php?cat=158\">VTT \u00e0 Camprieu<\/a><\/li>\n<li><a href=\"https:\/\/ericjouve.com\/even2012\/index.php?cat=165\">Route \u00e0 Meyrueis<\/a><\/li>\n<\/ul>\n<p>2013<\/p>\n<ul>\n<li><a href=\"https:\/\/ericjouve.com\/even2012\/index.php?cat=132\">Route \u00e0 Meyrueis<\/a><\/li>\n<\/ul>\n<p>2012<\/p>\n<ul>\n<li><a href=\"https:\/\/ericjouve.com\/even2012\/index.php?cat=103\">Route \u00e0 Meyrueis<\/a><\/li>\n<\/ul>\n","protected":false},"excerpt":{"rendered":"<p>2020 2019 Photos Championnat de France Master Photos Bouticycle Aigoual Route Photos Bouticyle Aigoual VTT 2018 Photos VTT Photos Route 2017 Miguel Martinez \u00e0 nouveau champion de France (parrain de la Bouticycle Aigoual) 2015 VTT 2015 \u00e0 L&rsquo;Esp\u00e9rou Route 2015<\/p>\n","protected":false},"author":2,"featured_media":0,"parent":0,"menu_order":0,"comment_status":"closed","ping_status":"closed","template":"","meta":{"footnotes":""},"class_list":["post-115","page","type-page","status-publish","hentry"],"_links":{"self":[{"href":"https:\/\/www.cyclaigoual-vtt-route.com\/index.php\/wp-json\/wp\/v2\/pages\/115","targetHints":{"allow":["GET"]}}],"collection":[{"href":"https:\/\/www.cyclaigoual-vtt-route.com\/index.php\/wp-json\/wp\/v2\/pages"}],"about":[{"href":"https:\/\/www.cyclaigoual-vtt-route.com\/index.php\/wp-json\/wp\/v2\/types\/page"}],"author":[{"embeddable":true,"href":"https:\/\/www.cyclaigoual-vtt-route.com\/index.php\/wp-json\/wp\/v2\/users\/2"}],"replies":[{"embeddable":true,"href":"https:\/\/www.cyclaigoual-vtt-route.com\/index.php\/wp-json\/wp\/v2\/comments?post=115"}],"version-history":[{"count":15,"href":"https:\/\/www.cyclaigoual-vtt-route.com\/index.php\/wp-json\/wp\/v2\/pages\/115\/revisions"}],"predecessor-version":[{"id":1660,"href":"https:\/\/www.cyclaigoual-vtt-route.com\/index.php\/wp-json\/wp\/v2\/pages\/115\/revisions\/1660"}],"wp:attachment":[{"href":"https:\/\/www.cyclaigoual-vtt-route.com\/index.php\/wp-json\/wp\/v2\/media?parent=115"}],"curies":[{"name":"wp","href":"https:\/\/api.w.org\/{rel}","templated":true}]}}