{"id":122,"date":"2016-05-29T20:56:30","date_gmt":"2016-05-29T19:56:30","guid":{"rendered":"https:\/\/cyclaigoual-vtt-route.com\/?page_id=122"},"modified":"2026-03-24T20:01:32","modified_gmt":"2026-03-24T19:01:32","slug":"historique","status":"publish","type":"page","link":"https:\/\/www.cyclaigoual-vtt-route.com\/index.php\/historique\/","title":{"rendered":"Historique"},"content":{"rendered":"<ul>\n<li><a href=\"https:\/\/www.cyclaigoual-vtt-route.com\/index.php\/37eme-gem-bikaigoual-region-occitanie-2025\/\">37\u00e8me Gem-Bik&rsquo;Aigoual R\u00e9gion Occitanie 2025<\/a><\/li>\n<li><a href=\"https:\/\/www.cyclaigoual-vtt-route.com\/index.php\/36eme-gem-bikaigoual-region-occitanie-2024\/\">36\u00e8me Gem-Bik&rsquo;Aigoual R\u00e9gion Occitanie 2024<\/a><\/li>\n<li><a href=\"https:\/\/www.cyclaigoual-vtt-route.com\/index.php\/35eme-cyclaigoual-region-occitanie-2023\/\">35\u00e8me Cycl&rsquo;Aigoual R\u00e9gion Occitanie 2023<\/a><\/li>\n<li><a href=\"https:\/\/www.cyclaigoual-vtt-route.com\/index.php\/2023\/04\/06\/34eme-cyclaigoual-region-occitanie\/\" target=\"_blank\" rel=\"noreferrer noopener\">34\u00e8me Cycl&rsquo;Aigoual R\u00e9gion Occitanie 2022<\/a><\/li>\n<li><a href=\"https:\/\/www.cyclaigoual-vtt-route.com\/index.php\/2022\/05\/16\/33eme-cyclaigoual-region-occitanie-2021\/\">33\u00e8me Cycl&rsquo;Aigoual R\u00e9gion Occitanie 2021<\/a><\/li>\n<li><a href=\"https:\/\/www.cyclaigoual-vtt-route.com\/index.php\/2021\/03\/16\/32eme-cyclaigoual-region-occitanie-2020\/\">32\u00e8me Bouticylce Aigoual 2020<\/a><\/li>\n<li><a href=\"https:\/\/www.cyclaigoual-vtt-route.com\/index.php\/2021\/03\/16\/championnat-de-france-masters-sur-route-2019\/\">Championnats de France Masters sur route 2019<\/a><\/li>\n<li><a href=\"https:\/\/cyclaigoual-vtt-route.com\/index.php\/2020\/03\/07\/31eme-cyclaigoual-vtt-route-2019\/\">31\u00e8me Bouticylce Aigoual 2019<\/a><\/li>\n<li><a href=\"https:\/\/cyclaigoual-vtt-route.com\/index.php\/2020\/03\/07\/30eme-cyclaigoual-vtt-route-2018\/\">30\u00e8me Bouticycle Aigoual 2018<\/a><\/li>\n<li><a href=\"https:\/\/cyclaigoual-vtt-route.com\/index.php\/2020\/03\/07\/29eme-cyclaigoual-vtt-route-2017\/\">29\u00e8me Bouticycle Aigoual 2017<\/a><\/li>\n<li><a href=\"https:\/\/cyclaigoual-vtt-route.com\/index.php\/2017\/01\/25\/28eme-cyclaigoual-vtt-route\/\">28\u00e8me Bouticycle Aigoual 2016<\/a><\/li>\n<\/ul>\n<p><a href=\"https:\/\/cyclaigoual-vtt-route.com\/wp-content\/uploads\/2016\/04\/20160515-BOUTICYCLE-AIGOUAL-d\u00e9finitive_Page_6.jpg\"><img loading=\"lazy\" decoding=\"async\" class=\"alignnone size-medium wp-image-94\" src=\"https:\/\/cyclaigoual-vtt-route.com\/wp-content\/uploads\/2016\/04\/20160515-BOUTICYCLE-AIGOUAL-d\u00e9finitive_Page_6-212x300.jpg\" alt=\"20160515- BOUTICYCLE AIGOUAL d\u00e9finitive_Page_6\" width=\"212\" height=\"300\" \/><\/a>\u00a0\u00a0\u00a0\u00a0\u00a0\u00a0\u00a0\u00a0\u00a0\u00a0\u00a0 <a href=\"https:\/\/cyclaigoual-vtt-route.com\/wp-content\/uploads\/2016\/04\/20160515-BOUTICYCLE-AIGOUAL-d\u00e9finitive_Page_5.jpg\"><img loading=\"lazy\" decoding=\"async\" class=\"alignnone size-medium wp-image-93\" src=\"https:\/\/cyclaigoual-vtt-route.com\/wp-content\/uploads\/2016\/04\/20160515-BOUTICYCLE-AIGOUAL-d\u00e9finitive_Page_5-212x300.jpg\" alt=\"20160515- BOUTICYCLE AIGOUAL d\u00e9finitive_Page_5\" width=\"212\" height=\"300\" \/><\/a><\/p>\n<p>Voir <a href=\"https:\/\/www.veloaigoualviganais.com\/en-savoir-plus\/annees-precedentes-60257\" target=\"_blank\" rel=\"noopener noreferrer\">l&rsquo;historique des courses<\/a><\/p>\n","protected":false},"excerpt":{"rendered":"<p>37\u00e8me Gem-Bik&rsquo;Aigoual R\u00e9gion Occitanie 2025 36\u00e8me Gem-Bik&rsquo;Aigoual R\u00e9gion Occitanie 2024 35\u00e8me Cycl&rsquo;Aigoual R\u00e9gion Occitanie 2023 34\u00e8me Cycl&rsquo;Aigoual R\u00e9gion Occitanie 2022 33\u00e8me Cycl&rsquo;Aigoual R\u00e9gion Occitanie 2021 32\u00e8me Bouticylce Aigoual 2020 Championnats de France Masters sur route 2019 31\u00e8me Bouticylce Aigoual 2019<\/p>\n","protected":false},"author":2,"featured_media":0,"parent":0,"menu_order":0,"comment_status":"closed","ping_status":"closed","template":"","meta":{"footnotes":""},"class_list":["post-122","page","type-page","status-publish","hentry"],"_links":{"self":[{"href":"https:\/\/www.cyclaigoual-vtt-route.com\/index.php\/wp-json\/wp\/v2\/pages\/122","targetHints":{"allow":["GET"]}}],"collection":[{"href":"https:\/\/www.cyclaigoual-vtt-route.com\/index.php\/wp-json\/wp\/v2\/pages"}],"about":[{"href":"https:\/\/www.cyclaigoual-vtt-route.com\/index.php\/wp-json\/wp\/v2\/types\/page"}],"author":[{"embeddable":true,"href":"https:\/\/www.cyclaigoual-vtt-route.com\/index.php\/wp-json\/wp\/v2\/users\/2"}],"replies":[{"embeddable":true,"href":"https:\/\/www.cyclaigoual-vtt-route.com\/index.php\/wp-json\/wp\/v2\/comments?post=122"}],"version-history":[{"count":20,"href":"https:\/\/www.cyclaigoual-vtt-route.com\/index.php\/wp-json\/wp\/v2\/pages\/122\/revisions"}],"predecessor-version":[{"id":2391,"href":"https:\/\/www.cyclaigoual-vtt-route.com\/index.php\/wp-json\/wp\/v2\/pages\/122\/revisions\/2391"}],"wp:attachment":[{"href":"https:\/\/www.cyclaigoual-vtt-route.com\/index.php\/wp-json\/wp\/v2\/media?parent=122"}],"curies":[{"name":"wp","href":"https:\/\/api.w.org\/{rel}","templated":true}]}}