{"id":169,"date":"2016-07-03T14:29:55","date_gmt":"2016-07-03T13:29:55","guid":{"rendered":"https:\/\/cyclaigoual-vtt-route.com\/?page_id=169"},"modified":"2020-05-19T22:44:23","modified_gmt":"2020-05-19T21:44:23","slug":"challenge","status":"publish","type":"page","link":"https:\/\/www.cyclaigoual-vtt-route.com\/index.php\/challenge\/","title":{"rendered":"Challenge"},"content":{"rendered":"<p><a href=\"https:\/\/www.cyclaigoual-vtt-route.com\/index.php\/challenge\/logo-cyclaigoual-challenge\/\"><img loading=\"lazy\" decoding=\"async\" class=\"alignnone wp-image-1541 size-full\" src=\"https:\/\/www.cyclaigoual-vtt-route.com\/wp-content\/uploads\/Logo-CyclAigoual-Challenge.png\" alt=\"\" width=\"234\" height=\"260\" \/><\/a><\/p>\n<p>Voici le r\u00e9capitulatif des distances \u00e0 parcourir par cat\u00e9gorie pour participer aux challenges<\/p>\n","protected":false},"excerpt":{"rendered":"<p>Voici le r\u00e9capitulatif des distances \u00e0 parcourir par cat\u00e9gorie pour participer aux challenges<\/p>\n","protected":false},"author":2,"featured_media":0,"parent":0,"menu_order":0,"comment_status":"closed","ping_status":"closed","template":"","meta":{"footnotes":""},"class_list":["post-169","page","type-page","status-publish","hentry"],"_links":{"self":[{"href":"https:\/\/www.cyclaigoual-vtt-route.com\/index.php\/wp-json\/wp\/v2\/pages\/169","targetHints":{"allow":["GET"]}}],"collection":[{"href":"https:\/\/www.cyclaigoual-vtt-route.com\/index.php\/wp-json\/wp\/v2\/pages"}],"about":[{"href":"https:\/\/www.cyclaigoual-vtt-route.com\/index.php\/wp-json\/wp\/v2\/types\/page"}],"author":[{"embeddable":true,"href":"https:\/\/www.cyclaigoual-vtt-route.com\/index.php\/wp-json\/wp\/v2\/users\/2"}],"replies":[{"embeddable":true,"href":"https:\/\/www.cyclaigoual-vtt-route.com\/index.php\/wp-json\/wp\/v2\/comments?post=169"}],"version-history":[{"count":7,"href":"https:\/\/www.cyclaigoual-vtt-route.com\/index.php\/wp-json\/wp\/v2\/pages\/169\/revisions"}],"predecessor-version":[{"id":1542,"href":"https:\/\/www.cyclaigoual-vtt-route.com\/index.php\/wp-json\/wp\/v2\/pages\/169\/revisions\/1542"}],"wp:attachment":[{"href":"https:\/\/www.cyclaigoual-vtt-route.com\/index.php\/wp-json\/wp\/v2\/media?parent=169"}],"curies":[{"name":"wp","href":"https:\/\/api.w.org\/{rel}","templated":true}]}}