{"id":2,"date":"2015-10-13T16:43:17","date_gmt":"2015-10-13T15:43:17","guid":{"rendered":"https:\/\/cyclaigoual-vtt-route.com\/?page_id=2"},"modified":"2026-03-24T20:48:58","modified_gmt":"2026-03-24T19:48:58","slug":"page-d-exemple","status":"publish","type":"page","link":"https:\/\/www.cyclaigoual-vtt-route.com\/","title":{"rendered":"Accueil"},"content":{"rendered":"\n<p class=\"has-text-align-center\"><a rel=\"noreferrer noopener\" href=\"https:\/\/www.facebook.com\/VttCycl-AIGOUAL-R%C3%A9gion-Occitanie-Troph%C3%A9e-du-Pays-Viganais-Montdardier-695366460499622\/\" target=\"_blank\">L&rsquo;actualit\u00e9 r\u00e9cente sur note page Facebook<\/a>       <a rel=\"noreferrer noopener\" href=\"https:\/\/www.facebook.com\/VttCycl-AIGOUAL-R%C3%A9gion-Occitanie-Troph%C3%A9e-du-Pays-Viganais-Montdardier-695366460499622\/\" data-type=\"URL\" data-id=\"https:\/\/www.facebook.com\/VttCycl-AIGOUAL-R%C3%A9gion-Occitanie-Troph%C3%A9e-du-Pays-Viganais-Montdardier-695366460499622\/\" target=\"_blank\"><img loading=\"lazy\" decoding=\"async\" width=\"40\" height=\"40\" class=\"wp-image-1927\" style=\"width: 40px;\" src=\"https:\/\/www.cyclaigoual-vtt-route.com\/wp-content\/uploads\/Facebook_f_logo_2019.svg_.png\" alt=\"\" srcset=\"https:\/\/www.cyclaigoual-vtt-route.com\/wp-content\/uploads\/Facebook_f_logo_2019.svg_.png 1365w, https:\/\/www.cyclaigoual-vtt-route.com\/wp-content\/uploads\/Facebook_f_logo_2019.svg_-300x300.png 300w, https:\/\/www.cyclaigoual-vtt-route.com\/wp-content\/uploads\/Facebook_f_logo_2019.svg_-1024x1024.png 1024w, https:\/\/www.cyclaigoual-vtt-route.com\/wp-content\/uploads\/Facebook_f_logo_2019.svg_-150x150.png 150w, https:\/\/www.cyclaigoual-vtt-route.com\/wp-content\/uploads\/Facebook_f_logo_2019.svg_-768x768.png 768w, https:\/\/www.cyclaigoual-vtt-route.com\/wp-content\/uploads\/Facebook_f_logo_2019.svg_-270x270.png 270w, https:\/\/www.cyclaigoual-vtt-route.com\/wp-content\/uploads\/Facebook_f_logo_2019.svg_-230x230.png 230w\" sizes=\"auto, (max-width: 40px) 100vw, 40px\" \/><\/a><\/p>\n\n\n\n<div class=\"wp-block-group alignwide\"><div class=\"wp-block-group__inner-container is-layout-constrained wp-block-group-is-layout-constrained\">\n<div class=\"wp-block-columns is-layout-flex wp-container-core-columns-is-layout-9d6595d7 wp-block-columns-is-layout-flex\">\n<div class=\"wp-block-column is-layout-flow wp-block-column-is-layout-flow\" style=\"flex-basis:100%\">\n<blockquote class=\"wp-block-quote wp-container-content-e29552f7 is-layout-flow wp-block-quote-is-layout-flow\"><div class=\"wp-block-image\">\n<figure class=\"aligncenter\"><a href=\"https:\/\/www.cyclaigoual-vtt-route.com\/affiche-2026\/\" target=\"_blank\" rel=\"noopener noreferrer\"><img loading=\"lazy\" decoding=\"async\" width=\"223\" height=\"300\" src=\"https:\/\/www.cyclaigoual-vtt-route.com\/wp-content\/uploads\/Affiche-2026-223x300.jpg\" alt=\"\" class=\"wp-image-2411\" srcset=\"https:\/\/www.cyclaigoual-vtt-route.com\/wp-content\/uploads\/Affiche-2026-223x300.jpg 223w, https:\/\/www.cyclaigoual-vtt-route.com\/wp-content\/uploads\/Affiche-2026.jpg 480w\" sizes=\"auto, (max-width: 223px) 100vw, 223px\" \/><\/a><\/figure>\n<\/div>\n\n\n<div dir=\"ltr\">\n<div>\n<p><strong>La GemBik\u2019Aigoual R\u00e9gion Occitanie Route Samedi 27 juin 2026<\/strong><\/p>\n<div dir=\"auto\">Pour cette 27\u00e8me \u00e9dition au d\u00e9part de L\u2019Esp\u00e9rou nous vous proposons 2 parcours, le Qu\u00e9zac de 76 km et 1500+ avec un passage au sommet de l\u2019Aigoual et bonne partie en Loz\u00e8re, et le F\u00e9nioux de 122 km avec une premi\u00e8re boucle par le col de la Luzette avant de rejoindre le parcours Qu\u00e9zac !<\/div>\n<div dir=\"auto\">\n<p><strong>Il n\u2019y aura pas de repas chaud. Une buvette\/snack sera mise en place.<\/strong><\/p>\n<p dir=\"auto\"><b><span style=\"font-size: large;\">La 38 eme GemBik\u2019Aigoual R\u00e9gion Occitanie VTT dimanche 28 juin 2026 et la 3eme Gravel\u2019Aigoual<br><\/span><\/b><\/p>\n<p dir=\"auto\">Au d\u00e9part de l\u2019Esp\u00e9rou il y aura des comp\u00e9titions XC pour tous, \u00e0 partir de 5 ans (manche du championnat r\u00e9gional) et des randonn\u00e9es.<\/p>\n<p dir=\"auto\">Et la 3\u00e8me \u00e9dition de la Gravel\u2019Aigoual avec un parcours de 60 km, soit en comp\u00e9tition, soit en randonn\u00e9e.<\/p>\n<p dir=\"auto\">Et toujours, pour les costauds, la possibilit\u00e9 de participer au CHALLENGE GemBik\u2019AIGOUAL REGION OCCITANIE qui combinera l\u2019\u00e9preuve de v\u00e9lo route du samedi (Qu\u00e9zac) avec l\u2019\u00e9preuve de VTT XC du dimanche.<\/p>\n<\/div>\n<\/div>\n<\/div>\n<\/blockquote>\n<\/div>\n<\/div>\n<\/div><\/div>\n\n\n<p><iframe loading=\"lazy\" title=\"2023 TEASER CYCL&#039;AIGOUAL REGION OCCITANIE 35EME\" width=\"750\" height=\"422\" src=\"https:\/\/www.youtube.com\/embed\/LqlyhFSTJrg?feature=oembed\" frameborder=\"0\" allow=\"accelerometer; autoplay; clipboard-write; encrypted-media; gyroscope; picture-in-picture; web-share\" referrerpolicy=\"strict-origin-when-cross-origin\" allowfullscreen><\/iframe><\/p>\n\n\n\n<p><a href=\"https:\/\/cyclaigoual-vtt-route.com\/index.php\/programme\/\">voir le programme<\/a><\/p>\n\n\n\n<figure class=\"wp-block-image\"><a href=\"https:\/\/www.sudcevennes.com\/\" target=\"_blank\" rel=\"attachment noopener wp-att-1172 noreferrer\"><img loading=\"lazy\" decoding=\"async\" width=\"220\" height=\"85\" src=\"https:\/\/www.cyclaigoual-vtt-route.com\/wp-content\/uploads\/ot.png\" alt=\"\" class=\"wp-image-1536\"\/><\/a><\/figure>\n\n\n\n<p><\/p>\n\n\n<div class=\"wp-block-image\">\n<figure class=\"alignleft\"><a href=\"https:\/\/cyclaigoual-vtt-route.com\/wp-content\/uploads\/2015\/10\/Moutain-bikers-foundation.png\"><img loading=\"lazy\" decoding=\"async\" width=\"235\" height=\"91\" src=\"https:\/\/cyclaigoual-vtt-route.com\/wp-content\/uploads\/2015\/10\/Moutain-bikers-foundation.png\" alt=\"\" class=\"wp-image-272\"\/><\/a><figcaption class=\"wp-element-caption\">La Bouticycle Aigoual est membre de la MBF<\/figcaption><\/figure>\n<\/div>\n\n\n<p><\/p>\n\n\n\n<p><\/p>\n","protected":false},"excerpt":{"rendered":"<p>L&rsquo;actualit\u00e9 r\u00e9cente sur note page Facebook La GemBik\u2019Aigoual R\u00e9gion Occitanie Route Samedi 27 juin 2026 Pour cette 27\u00e8me \u00e9dition au d\u00e9part de L\u2019Esp\u00e9rou nous vous proposons 2 parcours, le Qu\u00e9zac de 76 km et 1500+ avec un passage au sommet<\/p>\n","protected":false},"author":1,"featured_media":0,"parent":0,"menu_order":0,"comment_status":"closed","ping_status":"open","template":"","meta":{"footnotes":""},"class_list":["post-2","page","type-page","status-publish","hentry"],"_links":{"self":[{"href":"https:\/\/www.cyclaigoual-vtt-route.com\/index.php\/wp-json\/wp\/v2\/pages\/2","targetHints":{"allow":["GET"]}}],"collection":[{"href":"https:\/\/www.cyclaigoual-vtt-route.com\/index.php\/wp-json\/wp\/v2\/pages"}],"about":[{"href":"https:\/\/www.cyclaigoual-vtt-route.com\/index.php\/wp-json\/wp\/v2\/types\/page"}],"author":[{"embeddable":true,"href":"https:\/\/www.cyclaigoual-vtt-route.com\/index.php\/wp-json\/wp\/v2\/users\/1"}],"replies":[{"embeddable":true,"href":"https:\/\/www.cyclaigoual-vtt-route.com\/index.php\/wp-json\/wp\/v2\/comments?post=2"}],"version-history":[{"count":127,"href":"https:\/\/www.cyclaigoual-vtt-route.com\/index.php\/wp-json\/wp\/v2\/pages\/2\/revisions"}],"predecessor-version":[{"id":2416,"href":"https:\/\/www.cyclaigoual-vtt-route.com\/index.php\/wp-json\/wp\/v2\/pages\/2\/revisions\/2416"}],"wp:attachment":[{"href":"https:\/\/www.cyclaigoual-vtt-route.com\/index.php\/wp-json\/wp\/v2\/media?parent=2"}],"curies":[{"name":"wp","href":"https:\/\/api.w.org\/{rel}","templated":true}]}}