{"id":225,"date":"2016-07-09T22:58:10","date_gmt":"2016-07-09T21:58:10","guid":{"rendered":"https:\/\/cyclaigoual-vtt-route.com\/?page_id=225"},"modified":"2025-07-01T14:03:26","modified_gmt":"2025-07-01T13:03:26","slug":"resultats","status":"publish","type":"page","link":"https:\/\/www.cyclaigoual-vtt-route.com\/index.php\/resultats\/","title":{"rendered":"R\u00e9sultats"},"content":{"rendered":"\n<h2 class=\"wp-block-heading\">R\u00e9sultats de la Cyclo Fenioux et Qu\u00e9zac 2025<\/h2>\n\n\n\n<p><a rel=\"noreferrer noopener\" href=\"https:\/\/www.cyclaigoual-vtt-route.com\/wp-content\/uploads\/CG25-Aigoual-Classement-par-categories-avec-Tours.pdf\" target=\"_blank\">Classement Cyclo <\/a><a href=\"https:\/\/www.cyclaigoual-vtt-route.com\/wp-content\/uploads\/2025-CycloScratch-Classement-general.pdf\" target=\"_blank\" rel=\"noreferrer noopener\">Scrat<\/a><a rel=\"noreferrer noopener\" href=\"https:\/\/www.cyclaigoual-vtt-route.com\/wp-content\/uploads\/CG25-Aigoual-Classement-par-categories-avec-Tours.pdf\" target=\"_blank\">ch<\/a><\/p>\n\n\n\n<p><a href=\"https:\/\/www.cyclaigoual-vtt-route.com\/wp-content\/uploads\/2025-Cyclo-GEM-BIK-AIGOUAL-Classement-par-categories.pdf\" data-type=\"URL\" data-id=\"https:\/\/www.cyclaigoual-vtt-route.com\/wp-content\/uploads\/2025-Cyclo-GEM-BIK-AIGOUAL-Classement-par-categories.pdf\" target=\"_blank\" rel=\"noreferrer noopener\">Classement Cyclo par cat\u00e9gorie<\/a><\/p>\n\n\n<h2>R\u00e9sultats de la VTT GemBike Aigoual R\u00e9gion Occitanie 2025<\/h2>\n\n\n<p><a href=\"https:\/\/www.cyclaigoual-vtt-route.com\/wp-content\/uploads\/CG25-Aigoual-Classement-par-categories-avec-Tours.pdf\" target=\"_blank\" rel=\"noreferrer noopener\">Classement VTT par cat\u00e9gorie Toutes cat\u00e9gories<\/a><\/p>\n\n\n\n<p><a href=\"https:\/\/www.cyclaigoual-vtt-route.com\/wp-content\/uploads\/CG25-Aigoual-Classement-par-categories-avec-Tours.pdf\" target=\"_blank\" rel=\"noreferrer noopener\">Classement VTT par cat\u00e9gorie U19H + U23H+ SEH+ M35+M40 (3 tours)<\/a> <\/p>\n\n\n\n<p><a href=\"https:\/\/www.cyclaigoual-vtt-route.com\/wp-content\/uploads\/CG25-Augoual-Scratch-U19F-Dames - Master Dames - M50 M60 2Tours.pdf\" target=\"_blank\" rel=\"noreferrer noopener\">Classement VTT par Cat\u00e9gorie de U19F Dames Master dames M50 M60 (2 tours)<\/a><\/p>\n\n\n\n<h2 class=\"wp-block-heading\">R\u00e9sultats du Challenge GemBike Aigoual R\u00e9gion Occitanie Route + VTT 2025<\/h2>\n\n\n\n<p><a href=\"https:\/\/www.cyclaigoual-vtt-route.com\/wp-content\/uploads\/Challenge-CyclAigoual-2025_Scratch.pdf\" target=\"_blank\" rel=\"noreferrer noopener\">Classement Challenge Scratch<\/a><\/p>\n\n\n\n<p><a href=\"https:\/\/www.cyclaigoual-vtt-route.com\/wp-content\/uploads\/Challenge-CyclAigoual-2025.pdf\" target=\"_blank\" rel=\"noreferrer noopener\">Classement Challenge par cat\u00e9gorie<\/a><\/p>\n\n\n\n<h2 class=\"wp-block-heading\">R\u00e9sultats du Gravel<\/h2>\n\n\n\n<p><a href=\"https:\/\/www.cyclaigoual-vtt-route.com\/wp-content\/uploads\/GRAVEL-Scratch-Classement-general.pdf\" target=\"_blank\" rel=\"noreferrer noopener\">Classement Gravel Scratch<\/a><\/p>\n\n\n\n<p><a href=\"https:\/\/www.cyclaigoual-vtt-route.com\/wp-content\/uploads\/GRAVEL-Classement-par-categories.pdf\" target=\"_blank\" rel=\"noreferrer noopener\">Classement Gravel par Cat\u00e9gorie<\/a><\/p>\n","protected":false},"excerpt":{"rendered":"<p>R\u00e9sultats de la Cyclo Fenioux et Qu\u00e9zac 2025 Classement Cyclo Scratch Classement Cyclo par cat\u00e9gorie R\u00e9sultats de la VTT GemBike Aigoual R\u00e9gion Occitanie 2025 Classement VTT par cat\u00e9gorie Toutes cat\u00e9gories Classement VTT par cat\u00e9gorie U19H + U23H+ SEH+ M35+M40 (3<\/p>\n","protected":false},"author":2,"featured_media":0,"parent":0,"menu_order":0,"comment_status":"closed","ping_status":"closed","template":"","meta":{"footnotes":""},"class_list":["post-225","page","type-page","status-publish","hentry"],"_links":{"self":[{"href":"https:\/\/www.cyclaigoual-vtt-route.com\/index.php\/wp-json\/wp\/v2\/pages\/225","targetHints":{"allow":["GET"]}}],"collection":[{"href":"https:\/\/www.cyclaigoual-vtt-route.com\/index.php\/wp-json\/wp\/v2\/pages"}],"about":[{"href":"https:\/\/www.cyclaigoual-vtt-route.com\/index.php\/wp-json\/wp\/v2\/types\/page"}],"author":[{"embeddable":true,"href":"https:\/\/www.cyclaigoual-vtt-route.com\/index.php\/wp-json\/wp\/v2\/users\/2"}],"replies":[{"embeddable":true,"href":"https:\/\/www.cyclaigoual-vtt-route.com\/index.php\/wp-json\/wp\/v2\/comments?post=225"}],"version-history":[{"count":44,"href":"https:\/\/www.cyclaigoual-vtt-route.com\/index.php\/wp-json\/wp\/v2\/pages\/225\/revisions"}],"predecessor-version":[{"id":2381,"href":"https:\/\/www.cyclaigoual-vtt-route.com\/index.php\/wp-json\/wp\/v2\/pages\/225\/revisions\/2381"}],"wp:attachment":[{"href":"https:\/\/www.cyclaigoual-vtt-route.com\/index.php\/wp-json\/wp\/v2\/media?parent=225"}],"curies":[{"name":"wp","href":"https:\/\/api.w.org\/{rel}","templated":true}]}}