{"id":2263,"date":"2024-06-04T10:02:26","date_gmt":"2024-06-04T09:02:26","guid":{"rendered":"https:\/\/www.cyclaigoual-vtt-route.com\/?page_id=2263"},"modified":"2024-06-04T10:04:06","modified_gmt":"2024-06-04T09:04:06","slug":"parcours-sask-mini-enduro-de-laigoual","status":"publish","type":"page","link":"https:\/\/www.cyclaigoual-vtt-route.com\/index.php\/parcours-sask-mini-enduro-de-laigoual\/","title":{"rendered":"Parcours SASK Mini Enduro de L\u2019Aigoual"},"content":{"rendered":"\n<p>Les 3 sp\u00e9ciales sont enchain\u00e9es. <\/p>\n\n\n\n<p><strong><mark style=\"background-color:rgba(0, 0, 0, 0)\" class=\"has-inline-color has-vivid-red-color\">Les U11 ET U13 ne font pas la sp\u00e9ciale 3.<\/mark><\/strong><\/p>\n\n\n\n<p>6 cat\u00e9gories autoris\u00e9es et class\u00e9es: U11 \/U13\/U15\/U17\/Adultes\/ VTTAE (\u00e0 partir de 18 ans) et cela H et F <\/p>\n\n\n\n<p>Classement se fait \u00e0 l\u2019addition des temps des 2 ou 3 manches<\/p>\n\n\n\n<p><span style=\"text-decoration: underline;\">Prix d&rsquo;inscription: <\/span><\/p>\n\n\n\n<ul class=\"wp-block-list\">\n<li>9\u20ac U11 et U13 <\/li>\n<\/ul>\n\n\n\n<ul class=\"wp-block-list\">\n<li>11\u20ac ensuite et +3\u20ac Non Licencies (avec CM pour les majeurs et autorisation parentale pour les mineurs)<\/li>\n<\/ul>\n\n\n\n<p>Tout \u00e0 fait compatible avec le XC du dimanche <\/p>\n\n\n\n<p>Equipement minimum obligatoire : Casque obligatoire mono bloc, dorsale, genouill\u00e8re et Gants longs <\/p>\n\n\n\n<p>D\u00e9part toutes les 30 sec <\/p>\n\n\n\n<p>Autorisation parentale \u00e0<a href=\"https:\/\/www.cyclaigoual-vtt-route.com\/wp-content\/uploads\/GBARO-ATTESTATION-de-SANTE-pour-les-MINEURS.pdf\" data-type=\"URL\" data-id=\"https:\/\/www.cyclaigoual-vtt-route.com\/wp-content\/uploads\/GBARO-ATTESTATION-de-SANTE-pourles-MINEURS.pdf\" target=\"_blank\" rel=\"noreferrer noopener\"> t\u00e9l\u00e9charger ici <\/a><\/p>\n\n\n\n<figure class=\"wp-block-image size-large\"><img loading=\"lazy\" decoding=\"async\" width=\"1024\" height=\"704\" src=\"https:\/\/www.cyclaigoual-vtt-route.com\/wp-content\/uploads\/image-16-1024x704.png\" alt=\"\" class=\"wp-image-2264\" srcset=\"https:\/\/www.cyclaigoual-vtt-route.com\/wp-content\/uploads\/image-16-1024x704.png 1024w, https:\/\/www.cyclaigoual-vtt-route.com\/wp-content\/uploads\/image-16-300x206.png 300w, https:\/\/www.cyclaigoual-vtt-route.com\/wp-content\/uploads\/image-16-768x528.png 768w, https:\/\/www.cyclaigoual-vtt-route.com\/wp-content\/uploads\/image-16.png 1360w\" sizes=\"auto, (max-width: 1024px) 100vw, 1024px\" \/><\/figure>\n","protected":false},"excerpt":{"rendered":"<p>Les 3 sp\u00e9ciales sont enchain\u00e9es. Les U11 ET U13 ne font pas la sp\u00e9ciale 3. 6 cat\u00e9gories autoris\u00e9es et class\u00e9es: U11 \/U13\/U15\/U17\/Adultes\/ VTTAE (\u00e0 partir de 18 ans) et cela H et F Classement se fait \u00e0 l\u2019addition des temps<\/p>\n","protected":false},"author":2,"featured_media":0,"parent":0,"menu_order":0,"comment_status":"closed","ping_status":"closed","template":"","meta":{"footnotes":""},"class_list":["post-2263","page","type-page","status-publish","hentry"],"_links":{"self":[{"href":"https:\/\/www.cyclaigoual-vtt-route.com\/index.php\/wp-json\/wp\/v2\/pages\/2263","targetHints":{"allow":["GET"]}}],"collection":[{"href":"https:\/\/www.cyclaigoual-vtt-route.com\/index.php\/wp-json\/wp\/v2\/pages"}],"about":[{"href":"https:\/\/www.cyclaigoual-vtt-route.com\/index.php\/wp-json\/wp\/v2\/types\/page"}],"author":[{"embeddable":true,"href":"https:\/\/www.cyclaigoual-vtt-route.com\/index.php\/wp-json\/wp\/v2\/users\/2"}],"replies":[{"embeddable":true,"href":"https:\/\/www.cyclaigoual-vtt-route.com\/index.php\/wp-json\/wp\/v2\/comments?post=2263"}],"version-history":[{"count":2,"href":"https:\/\/www.cyclaigoual-vtt-route.com\/index.php\/wp-json\/wp\/v2\/pages\/2263\/revisions"}],"predecessor-version":[{"id":2267,"href":"https:\/\/www.cyclaigoual-vtt-route.com\/index.php\/wp-json\/wp\/v2\/pages\/2263\/revisions\/2267"}],"wp:attachment":[{"href":"https:\/\/www.cyclaigoual-vtt-route.com\/index.php\/wp-json\/wp\/v2\/media?parent=2263"}],"curies":[{"name":"wp","href":"https:\/\/api.w.org\/{rel}","templated":true}]}}