{"id":2383,"date":"2026-03-24T19:58:58","date_gmt":"2026-03-24T18:58:58","guid":{"rendered":"https:\/\/www.cyclaigoual-vtt-route.com\/?page_id=2383"},"modified":"2026-03-24T19:58:58","modified_gmt":"2026-03-24T18:58:58","slug":"37eme-gem-bikaigoual-region-occitanie-2025","status":"publish","type":"page","link":"https:\/\/www.cyclaigoual-vtt-route.com\/index.php\/37eme-gem-bikaigoual-region-occitanie-2025\/","title":{"rendered":"37\u00e8me Gem-Bik\u2019Aigoual R\u00e9gion Occitanie 2025"},"content":{"rendered":"\n<p><strong>La GemBik&rsquo;Aigoual R\u00e9gion Occitanie Route Samedi 28 juin 2025<\/strong><\/p>\n\n\n\n<p>Pour cette 26\u00e8me \u00e9dition au d\u00e9part de L&rsquo;Esp\u00e9rou nous vous proposons 2 parcours, le Qu\u00e9zac de 76 km et 1500+ avec un passage au sommet de l&rsquo;Aigoual et bonne partie en Loz\u00e8re, et le F\u00e9nioux de 122 km avec une premi\u00e8re boucle par le col de la Luzette !<\/p>\n\n\n\n<p><strong>Il n&rsquo;y aura pas de repas chaud. Une buvette\/snack sera mise en place.<\/strong><\/p>\n\n\n\n<p><strong>La 37 eme GemBik&rsquo;Aigoual R\u00e9gion Occitanie VTT dimanche 29 juin 2025 et la 2eme Gravel&rsquo;Aigoual<\/strong><\/p>\n\n\n\n<p>Au d\u00e9part de l&rsquo;Esp\u00e9rou il y aura des comp\u00e9titions XC pour tous, \u00e0 partir de 5 ans (l&rsquo;anche du championnat r\u00e9gional) et des randonn\u00e9es.<\/p>\n\n\n\n<p>Et la 2\u00e8me \u00e9dition de la Gravel&rsquo;Aigoual avec un parcours de 60 km, soit en comp\u00e9tition, soit en randonn\u00e9e.<\/p>\n\n\n\n<p>Et toujours, pour les costauds, la possibilit\u00e9 de participer au CHALLENGE GemBik&rsquo;AIGOUAL REGION OCCITANIE qui combinera l&rsquo;\u00e9preuve de v\u00e9lo route du samedi (Qu\u00e9zac) avec l&rsquo;\u00e9preuve de VTT XC du dimanche.<\/p>\n\n\n\n<p>Et le parrain de ce beau week-end de v\u00e9lo sera NICOLAS JALABERT.<\/p>\n\n\n\n<figure class=\"wp-block-image size-large is-resized\"><img loading=\"lazy\" decoding=\"async\" width=\"721\" height=\"1024\" src=\"https:\/\/www.cyclaigoual-vtt-route.com\/wp-content\/uploads\/Affiche-2025-721x1024.png\" alt=\"\" class=\"wp-image-2318\" style=\"width:189px;height:auto\" srcset=\"https:\/\/www.cyclaigoual-vtt-route.com\/wp-content\/uploads\/Affiche-2025-721x1024.png 721w, https:\/\/www.cyclaigoual-vtt-route.com\/wp-content\/uploads\/Affiche-2025-211x300.png 211w, https:\/\/www.cyclaigoual-vtt-route.com\/wp-content\/uploads\/Affiche-2025-768x1091.png 768w, https:\/\/www.cyclaigoual-vtt-route.com\/wp-content\/uploads\/Affiche-2025-1082x1536.png 1082w, https:\/\/www.cyclaigoual-vtt-route.com\/wp-content\/uploads\/Affiche-2025-1442x2048.png 1442w, https:\/\/www.cyclaigoual-vtt-route.com\/wp-content\/uploads\/Affiche-2025.png 1747w\" sizes=\"auto, (max-width: 721px) 100vw, 721px\" \/><\/figure>\n\n\n\n<p><a href=\"https:\/\/www.cyclaigoual-vtt-route.com\/wp-content\/uploads\/Brochure-2025.pdf?id=2\" data-type=\"link\" data-id=\"https:\/\/www.cyclaigoual-vtt-route.com\/wp-content\/uploads\/Brochure-2025.pdf?id=2\">T\u00e9l\u00e9charger la brochure<\/a><\/p>\n\n\n\n<h1 class=\"wp-block-heading\">Parcours<\/h1>\n\n\n\n<h2 class=\"wp-block-heading\">26\u00e8me Gem Bik\u2019Aigoual R\u00e9gion Occitanie Route le 28 Juin 2025<\/h2>\n\n\n\n<p>Fenioux 123 km \u2013 2580 d+Fenioux 123 km \u2013 2580 d+<\/p>\n\n\n\n<figure class=\"wp-block-image size-full\"><img loading=\"lazy\" decoding=\"async\" width=\"1024\" height=\"576\" src=\"https:\/\/www.cyclaigoual-vtt-route.com\/wp-content\/uploads\/image-17.png\" alt=\"\" class=\"wp-image-2385\" srcset=\"https:\/\/www.cyclaigoual-vtt-route.com\/wp-content\/uploads\/image-17.png 1024w, https:\/\/www.cyclaigoual-vtt-route.com\/wp-content\/uploads\/image-17-300x169.png 300w, https:\/\/www.cyclaigoual-vtt-route.com\/wp-content\/uploads\/image-17-768x432.png 768w\" sizes=\"auto, (max-width: 1024px) 100vw, 1024px\" \/><\/figure>\n\n\n\n<h2 class=\"wp-block-heading\">Qu\u00e9zac \u2013 76 km \u2013 1300d+<\/h2>\n\n\n\n<figure class=\"wp-block-image size-full\"><img loading=\"lazy\" decoding=\"async\" width=\"1024\" height=\"576\" src=\"https:\/\/www.cyclaigoual-vtt-route.com\/wp-content\/uploads\/image-18.png\" alt=\"\" class=\"wp-image-2386\" srcset=\"https:\/\/www.cyclaigoual-vtt-route.com\/wp-content\/uploads\/image-18.png 1024w, https:\/\/www.cyclaigoual-vtt-route.com\/wp-content\/uploads\/image-18-300x169.png 300w, https:\/\/www.cyclaigoual-vtt-route.com\/wp-content\/uploads\/image-18-768x432.png 768w\" sizes=\"auto, (max-width: 1024px) 100vw, 1024px\" \/><\/figure>\n\n\n\n<h2 class=\"wp-block-heading\">R\u00e9sultats de la Cyclo Fenioux et Qu\u00e9zac 2025<\/h2>\n\n\n\n<p><a href=\"https:\/\/www.cyclaigoual-vtt-route.com\/wp-content\/uploads\/CG25-Aigoual-Classement-par-categories-avec-Tours.pdf\" target=\"_blank\" rel=\"noreferrer noopener\">Classement scratch<\/a><\/p>\n\n\n\n<p><a href=\"https:\/\/www.cyclaigoual-vtt-route.com\/wp-content\/uploads\/2025-Cyclo-GEM-BIK-AIGOUAL-Classement-par-categories.pdf\" target=\"_blank\" rel=\"noreferrer noopener\">Classement par cat\u00e9gorie<\/a><\/p>\n\n\n\n<h1 class=\"wp-block-heading\">VTT<\/h1>\n\n\n\n<h2 class=\"wp-block-heading\">37\u00e8me GemBik\u2019Aigoual-R\u00e9gion Occitanie VTT du 29 Juin 2025<\/h2>\n\n\n\n<h2 class=\"wp-block-heading\">R\u00e9sultats de la VTT GemBike Aigoual R\u00e9gion Occitanie 2025<\/h2>\n\n\n\n<p><a href=\"https:\/\/www.cyclaigoual-vtt-route.com\/wp-content\/uploads\/CG25-Aigoual-Classement-par-categories-avec-Tours.pdf\" target=\"_blank\" rel=\"noreferrer noopener\">Classement VTT par cat\u00e9gorie Toutes cat\u00e9gories<\/a><\/p>\n\n\n\n<p><a href=\"https:\/\/www.cyclaigoual-vtt-route.com\/wp-content\/uploads\/CG25-Aigoual-Classement-par-categories-avec-Tours.pdf\" target=\"_blank\" rel=\"noreferrer noopener\">Classement VTT par cat\u00e9gorie U19H + U23H+ SEH+ M35+M40 (3 tours)<\/a><\/p>\n\n\n\n<p><a href=\"https:\/\/www.cyclaigoual-vtt-route.com\/wp-content\/uploads\/CG25-Augoual-Scratch-U19F-Dames - Master Dames - M50 M60 2Tours.pdf\" target=\"_blank\" rel=\"noreferrer noopener\">Classement VTT par Cat\u00e9gorie de U19F Dames Master dames M50 M60 (2 tours)<\/a><\/p>\n\n\n\n<h2 class=\"wp-block-heading\">R\u00e9sultats du Challenge GemBike Aigoual R\u00e9gion Occitanie Route + VTT 2025<\/h2>\n\n\n\n<p><a href=\"https:\/\/www.cyclaigoual-vtt-route.com\/wp-content\/uploads\/Challenge-CyclAigoual-2025_Scratch.pdf\" target=\"_blank\" rel=\"noreferrer noopener\">Classement Challenge Scratch<\/a><\/p>\n\n\n\n<p><a href=\"https:\/\/www.cyclaigoual-vtt-route.com\/wp-content\/uploads\/Challenge-CyclAigoual-2025.pdf\" target=\"_blank\" rel=\"noreferrer noopener\">Classement Challenge par cat\u00e9gorie<\/a><\/p>\n\n\n\n<h2 class=\"wp-block-heading\">R\u00e9sultats du Gravel<\/h2>\n\n\n\n<p><a href=\"https:\/\/www.cyclaigoual-vtt-route.com\/wp-content\/uploads\/GRAVEL-Scratch-Classement-general.pdf\" target=\"_blank\" rel=\"noreferrer noopener\">Classement Gravel Scratch<\/a><\/p>\n\n\n\n<p><a href=\"https:\/\/www.cyclaigoual-vtt-route.com\/wp-content\/uploads\/GRAVEL-Classement-par-categories.pdf\" target=\"_blank\" rel=\"noreferrer noopener\">Classement Gravel par Cat\u00e9gorie<\/a><\/p>\n","protected":false},"excerpt":{"rendered":"<p>La GemBik&rsquo;Aigoual R\u00e9gion Occitanie Route Samedi 28 juin 2025 Pour cette 26\u00e8me \u00e9dition au d\u00e9part de L&rsquo;Esp\u00e9rou nous vous proposons 2 parcours, le Qu\u00e9zac de 76 km et 1500+ avec un passage au sommet de l&rsquo;Aigoual et bonne partie en<\/p>\n","protected":false},"author":2,"featured_media":0,"parent":0,"menu_order":0,"comment_status":"closed","ping_status":"closed","template":"","meta":{"footnotes":""},"class_list":["post-2383","page","type-page","status-publish","hentry"],"_links":{"self":[{"href":"https:\/\/www.cyclaigoual-vtt-route.com\/index.php\/wp-json\/wp\/v2\/pages\/2383","targetHints":{"allow":["GET"]}}],"collection":[{"href":"https:\/\/www.cyclaigoual-vtt-route.com\/index.php\/wp-json\/wp\/v2\/pages"}],"about":[{"href":"https:\/\/www.cyclaigoual-vtt-route.com\/index.php\/wp-json\/wp\/v2\/types\/page"}],"author":[{"embeddable":true,"href":"https:\/\/www.cyclaigoual-vtt-route.com\/index.php\/wp-json\/wp\/v2\/users\/2"}],"replies":[{"embeddable":true,"href":"https:\/\/www.cyclaigoual-vtt-route.com\/index.php\/wp-json\/wp\/v2\/comments?post=2383"}],"version-history":[{"count":1,"href":"https:\/\/www.cyclaigoual-vtt-route.com\/index.php\/wp-json\/wp\/v2\/pages\/2383\/revisions"}],"predecessor-version":[{"id":2387,"href":"https:\/\/www.cyclaigoual-vtt-route.com\/index.php\/wp-json\/wp\/v2\/pages\/2383\/revisions\/2387"}],"wp:attachment":[{"href":"https:\/\/www.cyclaigoual-vtt-route.com\/index.php\/wp-json\/wp\/v2\/media?parent=2383"}],"curies":[{"name":"wp","href":"https:\/\/api.w.org\/{rel}","templated":true}]}}