{"id":31,"date":"2016-04-26T21:45:28","date_gmt":"2016-04-26T20:45:28","guid":{"rendered":"https:\/\/cyclaigoual-vtt-route.com\/?page_id=31"},"modified":"2024-06-04T09:19:21","modified_gmt":"2024-06-04T08:19:21","slug":"informations","status":"publish","type":"page","link":"https:\/\/www.cyclaigoual-vtt-route.com\/index.php\/informations\/","title":{"rendered":"Infos pratiques"},"content":{"rendered":"<h3><span style=\"text-decoration: underline;\"><strong>Attestations<\/strong><\/span><\/h3>\n<p>Veuillez t\u00e9l\u00e9charger et remplir l&rsquo;attestation de sant\u00e9 avec l&rsquo;autorisation parentale pour les mineurs.<\/p>\n<p><a href=\"https:\/\/www.cyclaigoual-vtt-route.com\/wp-content\/uploads\/GBARO-ATTESTATION-de-SANTE-pour-les-MINEURS.pdf\" target=\"_blank\" rel=\"noopener\">Attestation de sant\u00e9 pour les mineurs<\/a><\/p>\n<h3><span style=\"text-decoration: underline;\"><strong>Mat\u00e9riels<\/strong><\/span><\/h3>\n<ul>\n<li>Le port du casque est obligatoire<\/li>\n<li>Aucun certificat m\u00e9dical demand\u00e9<\/li>\n<\/ul>\n<h3><span style=\"text-decoration: underline;\">Comment venir \u00e0 l&rsquo;Esp\u00e9rou<\/span><\/h3>\n<p><span style=\"font-family: Comic Sans MS,sans-serif;\">Depuis Nimes ou Montpellier = Passer obligatoirement par Ganges puis \u00e0 Pont d&rsquo;H\u00e9rault prendre la direction de Valleraugue.<\/span><\/p>\n<p>Depuis l\u2019A75, prendre la sortie N\u00b0 47 \u00ab\u00a0La cavalerie\u00a0\u00bb, puis la D999 en direction de Nant. Continuer jusqu&rsquo;\u00e0 Camprieu puis prendre la D986 en direction de l&rsquo;Esp\u00e9rou.<\/p>\n<p><a href=\"https:\/\/cyclaigoual-vtt-route.com\/wp-content\/uploads\/2016\/04\/Plan-Acc\u00e8s-Esp\u00e9rou.png\"><img loading=\"lazy\" decoding=\"async\" class=\"alignnone wp-image-257 size-large\" src=\"https:\/\/cyclaigoual-vtt-route.com\/wp-content\/uploads\/2016\/04\/Plan-Acc\u00e8s-Esp\u00e9rou-1024x790.png\" width=\"750\" height=\"579\" srcset=\"https:\/\/www.cyclaigoual-vtt-route.com\/wp-content\/uploads\/2016\/04\/Plan-Acc\u00e8s-Esp\u00e9rou-1024x790.png 1024w, https:\/\/www.cyclaigoual-vtt-route.com\/wp-content\/uploads\/2016\/04\/Plan-Acc\u00e8s-Esp\u00e9rou-300x231.png 300w, https:\/\/www.cyclaigoual-vtt-route.com\/wp-content\/uploads\/2016\/04\/Plan-Acc\u00e8s-Esp\u00e9rou-768x592.png 768w, https:\/\/www.cyclaigoual-vtt-route.com\/wp-content\/uploads\/2016\/04\/Plan-Acc\u00e8s-Esp\u00e9rou.png 1181w\" sizes=\"auto, (max-width: 750px) 100vw, 750px\" \/><\/a><\/p>\n","protected":false},"excerpt":{"rendered":"<p>Attestations Veuillez t\u00e9l\u00e9charger et remplir l&rsquo;attestation de sant\u00e9 avec l&rsquo;autorisation parentale pour les mineurs. Attestation de sant\u00e9 pour les mineurs Mat\u00e9riels Le port du casque est obligatoire Aucun certificat m\u00e9dical demand\u00e9 Comment venir \u00e0 l&rsquo;Esp\u00e9rou Depuis Nimes ou Montpellier =<\/p>\n","protected":false},"author":2,"featured_media":0,"parent":0,"menu_order":0,"comment_status":"closed","ping_status":"closed","template":"","meta":{"footnotes":""},"class_list":["post-31","page","type-page","status-publish","hentry"],"_links":{"self":[{"href":"https:\/\/www.cyclaigoual-vtt-route.com\/index.php\/wp-json\/wp\/v2\/pages\/31","targetHints":{"allow":["GET"]}}],"collection":[{"href":"https:\/\/www.cyclaigoual-vtt-route.com\/index.php\/wp-json\/wp\/v2\/pages"}],"about":[{"href":"https:\/\/www.cyclaigoual-vtt-route.com\/index.php\/wp-json\/wp\/v2\/types\/page"}],"author":[{"embeddable":true,"href":"https:\/\/www.cyclaigoual-vtt-route.com\/index.php\/wp-json\/wp\/v2\/users\/2"}],"replies":[{"embeddable":true,"href":"https:\/\/www.cyclaigoual-vtt-route.com\/index.php\/wp-json\/wp\/v2\/comments?post=31"}],"version-history":[{"count":17,"href":"https:\/\/www.cyclaigoual-vtt-route.com\/index.php\/wp-json\/wp\/v2\/pages\/31\/revisions"}],"predecessor-version":[{"id":2256,"href":"https:\/\/www.cyclaigoual-vtt-route.com\/index.php\/wp-json\/wp\/v2\/pages\/31\/revisions\/2256"}],"wp:attachment":[{"href":"https:\/\/www.cyclaigoual-vtt-route.com\/index.php\/wp-json\/wp\/v2\/media?parent=31"}],"curies":[{"name":"wp","href":"https:\/\/api.w.org\/{rel}","templated":true}]}}