{"id":325,"date":"2017-05-22T14:07:12","date_gmt":"2017-05-22T13:07:12","guid":{"rendered":"https:\/\/cyclaigoual-vtt-route.com\/?page_id=325"},"modified":"2017-05-22T14:07:12","modified_gmt":"2017-05-22T13:07:12","slug":"hebergements","status":"publish","type":"page","link":"https:\/\/www.cyclaigoual-vtt-route.com\/index.php\/hebergements\/","title":{"rendered":"H\u00e9bergements"},"content":{"rendered":"<p>Veuillez contacter de l&rsquo;office de tourisme pour conna\u00eetre l&rsquo;ensemble des h\u00e9bergements propos\u00e9s.<\/p>\n<ul>\n<li>par t\u00e9l\u00e9phone : 04 67 82 64 67<\/li>\n<li>le site de<a href=\"https:\/\/www.causses-aigoual-cevennes.org\/fr\/office-de-tourisme.php\"> l&rsquo;office de tourisme\u00a0<\/a><\/li>\n<\/ul>\n<p>&nbsp;<\/p>\n","protected":false},"excerpt":{"rendered":"<p>Veuillez contacter de l&rsquo;office de tourisme pour conna\u00eetre l&rsquo;ensemble des h\u00e9bergements propos\u00e9s. par t\u00e9l\u00e9phone : 04 67 82 64 67 le site de l&rsquo;office de tourisme\u00a0 &nbsp;<\/p>\n","protected":false},"author":2,"featured_media":0,"parent":0,"menu_order":0,"comment_status":"closed","ping_status":"closed","template":"","meta":{"footnotes":""},"class_list":["post-325","page","type-page","status-publish","hentry"],"_links":{"self":[{"href":"https:\/\/www.cyclaigoual-vtt-route.com\/index.php\/wp-json\/wp\/v2\/pages\/325","targetHints":{"allow":["GET"]}}],"collection":[{"href":"https:\/\/www.cyclaigoual-vtt-route.com\/index.php\/wp-json\/wp\/v2\/pages"}],"about":[{"href":"https:\/\/www.cyclaigoual-vtt-route.com\/index.php\/wp-json\/wp\/v2\/types\/page"}],"author":[{"embeddable":true,"href":"https:\/\/www.cyclaigoual-vtt-route.com\/index.php\/wp-json\/wp\/v2\/users\/2"}],"replies":[{"embeddable":true,"href":"https:\/\/www.cyclaigoual-vtt-route.com\/index.php\/wp-json\/wp\/v2\/comments?post=325"}],"version-history":[{"count":3,"href":"https:\/\/www.cyclaigoual-vtt-route.com\/index.php\/wp-json\/wp\/v2\/pages\/325\/revisions"}],"predecessor-version":[{"id":328,"href":"https:\/\/www.cyclaigoual-vtt-route.com\/index.php\/wp-json\/wp\/v2\/pages\/325\/revisions\/328"}],"wp:attachment":[{"href":"https:\/\/www.cyclaigoual-vtt-route.com\/index.php\/wp-json\/wp\/v2\/media?parent=325"}],"curies":[{"name":"wp","href":"https:\/\/api.w.org\/{rel}","templated":true}]}}