{"id":42,"date":"2016-04-26T22:10:58","date_gmt":"2016-04-26T21:10:58","guid":{"rendered":"https:\/\/cyclaigoual-vtt-route.com\/?page_id=42"},"modified":"2024-06-19T14:03:56","modified_gmt":"2024-06-19T13:03:56","slug":"reglement","status":"publish","type":"page","link":"https:\/\/www.cyclaigoual-vtt-route.com\/index.php\/reglement\/","title":{"rendered":"R\u00e8glement"},"content":{"rendered":"\n<h2 class=\"wp-block-heading\">R\u00e8glement pour SASK Mini Enduro Aigoual<\/h2>\n\n\n\n<p><a rel=\"noreferrer noopener\" href=\"https:\/\/www.cyclaigoual-vtt-route.com\/wp-content\/uploads\/2024-V3-REGLEMENT-SASK-MINI-ENDURO-AIGOUAL.pdf\" target=\"_blank\">Voir le r\u00e8glement<\/a><\/p>\n\n\n\n<h2 class=\"wp-block-heading\">R\u00e8glement Cycl\u2019Aigoual R\u00e9gion Occitanie Route<\/h2>\n\n\n<p><span style=\"color: #1a8099;\"><span style=\"font-family: Calibri, serif;\"><span style=\"font-size: large;\"><b>1 Le r\u00e8glement complet des cyclosportives (consultable sur le site FFC \/ Loisirs \/ Cyclisme pour tous) est applicable.\u00a0<\/b><\/span><\/span><\/span><\/p>\n<p><span style=\"color: #666666;\"><span style=\"font-family: Calibri, serif;\"><span style=\"font-size: large;\">2\u00a0<\/span><\/span><\/span><span style=\"color: #666666;\"><span style=\"font-family: Calibri, serif;\"><span style=\"font-size: large;\"><u>Toute inscription implique l\u2019adh\u00e9sion totale au r\u00e8glement.<\/u><\/span><\/span><\/span><span style=\"color: #666666;\"><span style=\"font-family: Calibri, serif;\"><span style=\"font-size: large;\">\u00a0<\/span><\/span><\/span><span style=\"color: #666666;\"><span style=\"font-family: Calibri, serif;\"><span style=\"font-size: large;\">Les organisateurs se r\u00e9servent le droit de le modifier en cas de force majeure ou de probl\u00e8me de s\u00e9curit\u00e9, et de limiter le nombre de participants.<\/span><\/span><\/span><\/p>\n<p><span style=\"color: #666666;\"><span style=\"font-family: Calibri, serif;\"><span style=\"font-size: large;\">3\u00a0Extrait du r\u00e8glement: Le port du casque \u00e0 coque rigide pendant la totalit\u00e9 de la\u00a0 manif\u00a0 + la non utilisation de prolongateur de guidon ,\u00a0 la\u00a0 fourniture d\u2019un certificat m\u00e9dical de moins d\u2019un an .\u00a0 Assurez-vous que votre plaque de guidon (non coup\u00e9e) soit bien lisible sur le cintre. Les \u00ab\u00a0sans plaques de cadres\u00a0\u00bb seront arr\u00eat\u00e9s principalement pour des raisons de s\u00e9curit\u00e9. Vous \u00eates in fine responsable. Le respect du code de la route et des autres utilisateurs est imp\u00e9ratif\u00a0; Les routes ne sont pas ferm\u00e9es \u00e0 la circulation alors prudence dans les virages, lors des travers\u00e9es de villages\u00a0; Lors des travers\u00e9es d\u2019agglom\u00e9ration, il est recommand\u00e9 de ne pas rouler \u00e0 plusieurs de front. Et r\u00e9fl\u00e9chissez avant d\u2019engager des sprints \u00e0 l\u2019arriv\u00e9e\u2026<\/span><\/span><\/span><\/p>\n<p><span style=\"color: #666666;\"><span style=\"font-family: Calibri, serif;\"><span style=\"font-size: large;\">+\u00a0<\/span><\/span><\/span><span style=\"color: #666666;\"><span style=\"font-family: Calibri, serif;\"><span style=\"font-size: large;\">\u00a0Strictement <\/span><\/span><\/span><span style=\"color: #666666;\"><span style=\"font-family: Calibri, serif;\"><span style=\"font-size: large;\"><b>pas de voitures suiveuses hormis les v\u00e9hicules officiels de l\u2019organisation.\u00a0Ravitaillement \u00e0 pied autoris\u00e9 avec la prudence n\u00e9cessaire. <\/b><\/span><\/span><\/span><span style=\"color: #666666;\"><span style=\"font-family: Calibri, serif;\"><span style=\"font-size: large;\">Pr\u00e9voir sa propre logistique de d\u00e9pannage. La\u00a0 voiture neutre sera pr\u00e9sente sur les derniers KM\u00a0 uniquement.<\/span><\/span><\/span><\/p>\n<p><span style=\"color: #666666;\"><span style=\"font-family: Calibri, serif;\"><span style=\"font-size: large;\">4\u00a0: Une ambulance ou v\u00e9hicule avec personnel m\u00e9dical pour fermer chaque parcours + s\u00e9cu motos assur\u00e9e par MEDIA MOTO SECURITE + assistance m\u00e9dicale volante \u00e0 moto, sous la direction du Docteur St\u00e9phanie Damon.<\/span><\/span><\/span><\/p>\n<p><span style=\"color: #666666;\"><span style=\"font-family: Calibri, serif;\"><span style=\"font-size: large;\">5<\/span><\/span><\/span><span style=\"color: #666666;\"><span style=\"font-family: Calibri, serif;\"><span style=\"font-size: large;\">\u00a0<\/span><\/span><\/span><span style=\"color: #666666;\"><span style=\"font-family: Calibri, serif;\"><span style=\"font-size: large;\"><b>Nous avons \u00e9tabli une\u00a0<\/b><\/span><\/span><\/span><span style=\"color: #ff0000;\"><span style=\"font-family: Calibri, serif;\"><span style=\"font-size: large;\"><b>heure limite de passage\u00a0calcul\u00e9e<\/b><\/span><\/span><\/span><span style=\"color: #666666;\"><span style=\"font-family: Calibri, serif;\"><span style=\"font-size: large;\"><b>\u00a0sur une moyenne de\u00a0<\/b><\/span><\/span><\/span><span style=\"color: #ff0000;\"><span style=\"font-family: Calibri, serif;\"><span style=\"font-size: large;\"><b>18 Km\/h sur le Quezac (95kmh) et 20 Km\/h sur le Fenioux ( 125Km)<\/b><\/span><\/span><\/span><span style=\"color: #666666;\"><span style=\"font-family: Calibri, serif;\"><span style=\"font-size: large;\"><b>. Si un participant est\u00a0doubl\u00e9 par le v\u00e9hicule balai, sa plaque sera enlev\u00e9e mais il\u00a0pourra, s\u2019il le veut vraiment, continuer mais ne b\u00e9n\u00e9ficiera\u00a0plus de la logistique ni de \u00a0l\u2019assurance de l\u2019organisation.\u00a0Regardez sur www.cyclaigoual-region-occitanie-vtt-route.com les heures de passages de la voiture balai.<\/b><\/span><\/span><\/span><\/p>\n<p><span style=\"color: #666666;\"><span style=\"font-family: Calibri, serif;\"><span style=\"font-size: large;\">6 Pour tout accident engageant votre responsabilit\u00e9, nous vous informons de l\u2019importance d\u2019avoir une assurance individuelle accident notamment pour avoir des taux de remboursement suffisant <\/span><\/span><\/span><\/p>\n<p><span style=\"color: #666666;\"><span style=\"font-family: Calibri, serif;\"><span style=\"font-size: large;\">7 Il est pr\u00e9vu 3 ravitaillements* sur le parcours Fenioux et 2 sur le parcours Qu\u00e9zac.<\/span><\/span><\/span><\/p>\n<p><span style=\"color: #666666;\"><span style=\"font-family: Calibri, serif;\"><span style=\"font-size: large;\">8\u00a0Des troph\u00e9es et lots r\u00e9compenseront les 3 premiers de chaque cat\u00e9gorie des\u00a0parcours\u00a0 \u201cFenioux\u201d et \u00ab\u00a0Qu\u00e9zac\u00a0\u00bb ainsi que du \u00ab\u00a0Challenge Cycl\u2019Aigoual\u00a0\u00bb (Route + VTT ).<\/span><\/span><\/span><\/p>\n<p><span style=\"color: #666666;\"><span style=\"font-family: Calibri, serif;\"><span style=\"font-size: large;\">Le Challenge Cycl\u2019Aigoual est ouvert \u00e0 partir de la cat\u00e9gorie \u00ab\u00a0Espoirs\u00a0\u00bb.<\/span><\/span><\/span><\/p>\n<p><span style=\"color: #666666;\"><span style=\"font-family: Calibri, serif;\"><span style=\"font-size: large;\">9. Le Challenge Cycl\u2019Aigoual Route cumule les temps du parcours Route Qu\u00e9zac et du parcours VTT qui correspond \u00e0 sa cat\u00e9gorie d\u2019\u00e2ge. Il r\u00e9compensera 2 cat\u00e9gories, les H &amp; F de 49 ans et moins et les H &amp; F de 50 ans et +.<\/span><\/span><\/span><\/p>\n<p><span style=\"color: #666666;\"><span style=\"font-family: Calibri, serif;\"><span style=\"font-size: large;\">10. L\u2019organisation se r\u00e9serve le droit de modifier toutes les proc\u00e9dures d\u2019inscription, de distribution de dossards, de remise des prix, des ravitaillements etc \u2026 en fonction des pr\u00e9conisations de la FFC et\/ou du gouvernement\/minist\u00e8re des sports par rapport au COVID19. Nous ferons de notre mieux pour mettre en place tous les gestes barri\u00e8res recommand\u00e9s.<\/span><\/span><\/span><\/p>\n<p><span style=\"color: #666666;\"><span style=\"font-family: Calibri, serif;\"><span style=\"font-size: large;\"><u><b>R\u00e8glement VTT\u2019AIGOUAL-REGION OCCITANIE<\/b><\/u><\/span><\/span><\/span><\/p>\n<ol>\n<li>\n<p><span style=\"color: #666666;\"><span style=\"font-family: Calibri, serif;\"><span style=\"font-size: large;\">Le r\u00e8glement de la F\u00e9d\u00e9ration Fran\u00e7aise de Cyclisme est \u00e0 respecter. Les non licenci\u00e9s sont autoris\u00e9s \u00e0 participer mais les cat\u00e9gories r\u00e9compens\u00e9es doivent avoir 3 partants licenci\u00e9s. M\u00eame en rando, Port du casque obligatoire.<\/span><\/span><\/span><\/p>\n<\/li>\n<li>\n<p><span style=\"color: #666666;\"><span style=\"font-family: Calibri, serif;\"><span style=\"font-size: large;\">Les mineurs, non inscrits par un club, doivent avoir une autorisation parentale m\u00eame en rando.<\/span><\/span><\/span><\/p>\n<\/li>\n<li>\n<p><span style=\"color: #666666;\"><span style=\"font-family: Calibri, serif;\"><span style=\"font-size: large;\">En compet, certificat m\u00e9dical de moins d\u2019un an obligatoire mentionnant \u00ab\u00a0apte \u00e0 la pratique du sport ou du cyclisme en comp\u00e9tition&gt;<\/span><\/span><\/span><\/p>\n<\/li>\n<li>\n<p><span style=\"color: #666666;\"><span style=\"font-family: Calibri, serif;\"><span style=\"font-size: large;\">Respect des autres v\u00e9t\u00e9tistes, des organisateurs et des riverains.<\/span><\/span><\/span><\/p>\n<\/li>\n<li>\n<p><span style=\"color: #666666;\"><span style=\"font-family: Calibri, serif;\"><span style=\"font-size: large;\"><u>Les \u00ab\u00a0sans plaque de cadre\u00a0\u00bb seront arr\u00eat\u00e9s pour des raisons de s\u00e9curit\u00e9 <\/u><\/span><\/span><\/span><span style=\"color: #666666;\"><span style=\"font-family: Calibri, serif;\"><span style=\"font-size: large;\"><u><b>\u00e0 l\u2019entr\u00e9e des sentiers priv\u00e9s<\/b><\/u><\/span><\/span><\/span><\/p>\n<\/li>\n<li>\n<p><span style=\"color: #666666;\"><span style=\"font-family: Calibri, serif;\"><span style=\"font-size: large;\">Haut Respect environnemental partout sur le territoire du mont Aigoual<\/span><\/span><\/span><\/p>\n<\/li>\n<li>\n<p><span style=\"color: #666666;\"><span style=\"font-family: Calibri, serif;\"><span style=\"font-size: large;\">Si vous venez \u00e0 nouveau sur le massif, contentez vous des chemins et sentiers balis\u00e9s ET S\u2019IL VOUS PLAIT NE PRENEZ PAS LES TRACES GPX notamment car nous passons dans des propri\u00e9t\u00e9s priv\u00e9es<\/span><\/span><\/span><\/p>\n<\/li>\n<li>\n<p><span style=\"color: #666666;\"><span style=\"font-family: Calibri, serif;\"><span style=\"font-size: large;\"><u>Attention,<\/u><\/span><\/span><\/span><span style=\"color: #666666;\"><span style=\"font-family: Calibri, serif;\"><span style=\"font-size: large;\">\u00a0<\/span><\/span><\/span><span style=\"color: #ff0000;\"><span style=\"font-family: Calibri, serif;\"><span style=\"font-size: large;\"><u>en rando<\/u><\/span><\/span><\/span><span style=\"color: #666666;\"><span style=\"font-family: Calibri, serif;\"><span style=\"font-size: large;\">\u00a0<\/span><\/span><\/span><span style=\"color: #666666;\"><span style=\"font-family: Calibri, serif;\"><span style=\"font-size: large;\"><u>les croisements de route sont balis\u00e9s mais les cyclistes ne sont pas prioritaires;<\/u><\/span><\/span><\/span><\/p>\n<\/li>\n<li>\n<p><span style=\"color: #666666;\"><span style=\"font-family: Calibri, serif;\"><span style=\"font-size: large;\"><u><b>Pas d\u2019inscription le jour J<\/b><\/u><\/span><\/span><\/span><\/p>\n<\/li>\n<li>\n<p><span style=\"color: #666666;\"><span style=\"font-family: Calibri, serif;\"><span style=\"font-size: large;\">Il est de notre devoir de vous informer que l\u2019assurance individuelle accident est \u00e0 la charge du participant non obligatoire mais conseill\u00e9e car couvrant mieux les \u00e9ventuels pr\u00e9judices.<\/span><\/span><\/span><\/p>\n<\/li>\n<li>\n<p><span style=\"color: #666666;\"><span style=\"font-family: Calibri, serif;\"><span style=\"font-size: large;\">En comp\u00e9tition , soyez pr\u00eat 15 minutes avant votre heure de d\u00e9part<\/span><\/span><\/span><\/p>\n<\/li>\n<li>\n<p><span style=\"color: #666666;\"><span style=\"font-family: Calibri, serif;\"><span style=\"font-size: large;\">En cas d\u2019abandon, merci de bien ramener votre plaque de cadre afin de vous signaler<\/span><\/span><\/span><\/p>\n<\/li>\n<li>\n<p><span style=\"color: #666666;\"> <span style=\"font-family: Calibri, serif;\"><span style=\"font-size: large;\">Pour les Championnats d\u2019Occitanie\/Challenge Gardois VTT les r\u00e8glements du comit\u00e9 r\u00e9gional d\u2019Occitanie (voir ci-dessous) et du Challenge Gardois VTT (<\/span><\/span><\/span><span style=\"color: #0000ff;\"><u><a href=\"https:\/\/www.challengegardoisvtt.fr\/reglement\/\"><span style=\"font-family: Calibri, serif;\"><span style=\"font-size: large;\">https:\/\/www.challengegardoisvtt.fr\/reglement\/<\/span><\/span><\/a><\/u><\/span><span style=\"color: #666666;\"><span style=\"font-family: Calibri, serif;\"><span style=\"font-size: large;\">) s\u2019appliquent.<\/span><\/span><\/span><\/p>\n<\/li>\n<li>\n<p><span style=\"color: #666666;\"><span style=\"font-family: Calibri, serif;\"><span style=\"font-size: large;\">Cette ann\u00e9e, l\u2019\u00e9preuve est aussi une \u00e9preuve officielle donnant droit \u00e0 titre, ce qui implique que les temps de course seront dans une fourchette tels que d\u00e9finis par les r\u00e8glements de la FFC, en fonction des cat\u00e9gories d\u2019\u00e2ge.<\/span><\/span><\/span><\/p>\n<\/li>\n<li>\n<p><span style=\"color: #666666;\"><span style=\"font-family: Calibri, serif;\"><span style=\"font-size: large;\">Le Challenge Cycl\u2019Aigoual Route cumule les temps du parcours Route Qu\u00e9zac et du parcours VTT qui correspond \u00e0 sa cat\u00e9gorie d\u2019\u00e2ge. Il r\u00e9compensera 2 cat\u00e9gories, les H &amp; F de 49 ans et moins et les H &amp; F de 50 ans et +. Le Challenge Cycl\u2019Aigoual est ouvert \u00e0 partir de la cat\u00e9gorie \u00ab\u00a0Espoirs\u00a0\u00bb.<\/span><\/span><\/span><\/p>\n<\/li>\n<\/ol>\n<ul>\n<li>\n<p><span style=\"color: #666666;\"><span style=\"font-family: Calibri, serif;\"><span style=\"font-size: large;\">Pour les Championnats d\u2019Occitanie VTTAE il y aura 2 cat\u00e9gories chez les hommes et les femmes\u00a0: 49 ans et moins &amp; 50 ans et plus. Seuls les VTTAE de 250 watts moteur non d\u00e9brid\u00e9s sont autoris\u00e9s. Un contr\u00f4le \u00e0 post\u00e9riori des moteurs sera effectu\u00e9. <\/span><\/span><\/span><span style=\"color: #666666;\"><span style=\"font-family: Calibri, serif;\"><span style=\"font-size: large;\"><u>Les compteurs devront \u00eatre mis \u00e0 z\u00e9ro avant le d\u00e9part.<\/u><\/span><\/span><\/span><\/p>\n<\/li>\n<li>\n<p><span style=\"color: #666666;\"><span style=\"font-family: Calibri, serif;\"><span style=\"font-size: large;\">L\u2019organisation se r\u00e9serve le droit de modifier toutes les proc\u00e9dures d\u2019inscription, de distribution de dossards, de remise des prix, des ravitaillements etc \u2026 en fonction des pr\u00e9conisations de la FFC et\/ou du gouvernement\/minist\u00e8re des sports par rapport au COVID19. Nous ferons de notre mieux pour mettre en place tous les gestes barri\u00e8res recommand\u00e9s<\/span><\/span><\/span><\/p>\n<\/li>\n<li>\n<p>Contr\u00f4le des VAE<\/p>\n<ul>\n<li>5 types de contr\u00f4le seront effectu\u00e9s afin de garantir l\u2019\u00e9quit\u00e9 de cette \u00e9preuve ouverte \u00e0 tous les possesseurs d\u2019un VTTAE et d\u2019un ertif m\u00e9dical ou d\u2019une licence d\u2019un autre sport sp\u00e9cifiant que vous \u00eates apte au sport de comp\u00e9tition.<\/li>\n<li>Mise \u00e0 0 du compteur sur la ligne de d\u00e9part (pour les VTTAE qui ont un compteur\u2026)<\/li>\n<li>Mesure en r\u00e9el du diam\u00e8tre de la roue arri\u00e8re par le coll\u00e8ge des commissaires<\/li>\n<li>\u00ab\u00a0Contr\u00f4le Valise\u00a0\u00bb par notre partenaire @GEM BIKES GANGES&lt;mailto:<a href=\"mailto:34ganges@gem-bikes.com\" target=\"_blank\" rel=\"noopener noreferrer\">34ganges@gem-bik<wbr \/>es.com<\/a>&gt; des param\u00e8tres moteurs \u2013 Pour les Specialized, avoir votre appli avec vous<\/li>\n<li>Contr\u00f4le visuel et auditif sur le parcours par un membre du coll\u00e8ge des commissaires<\/li>\n<li>Test par un commissaire ou par le CTS (Conseiller Technique et Sportif du Minist\u00e8re des Sport \u2013 Mr Benoit MALAVAL) de la coupure moteur des v\u00e9los des 3 premiers de chaque cat\u00e9gorie. Votre inscription implique que vous acceptez de confier votre VTTAE au CTS pour ce contr\u00f4le in vivo.<\/li>\n<\/ul>\n<\/li>\n<\/ul>\n\n\n<p><a href=\"https:\/\/www.cyclaigoual-vtt-route.com\/wp-content\/uploads\/REGLEMENT-COUPE-ET-CHAMPIONNAT-REGIONAL-XCO-2024.pdf\" data-type=\"URL\" data-id=\"https:\/\/www.cyclaigoual-vtt-route.com\/wp-content\/uploads\/Reglement-Coupe-Re\u00b4gionale-Occitanie-XCO-2020.pdf\">Le r\u00e8glement du Comit\u00e9 R\u00e9gional FFC d&rsquo;Occitanie Pyr\u00e9n\u00e9es M\u00e9diterran\u00e9e<\/a><\/p>\n","protected":false},"excerpt":{"rendered":"<p>R\u00e8glement pour SASK Mini Enduro Aigoual Voir le r\u00e8glement R\u00e8glement Cycl\u2019Aigoual R\u00e9gion Occitanie Route 1 Le r\u00e8glement complet des cyclosportives (consultable sur le site FFC \/ Loisirs \/ Cyclisme pour tous) est applicable.\u00a0 2\u00a0Toute inscription implique l\u2019adh\u00e9sion totale au r\u00e8glement.\u00a0Les<\/p>\n","protected":false},"author":2,"featured_media":0,"parent":0,"menu_order":0,"comment_status":"closed","ping_status":"closed","template":"","meta":{"footnotes":""},"class_list":["post-42","page","type-page","status-publish","hentry"],"_links":{"self":[{"href":"https:\/\/www.cyclaigoual-vtt-route.com\/index.php\/wp-json\/wp\/v2\/pages\/42","targetHints":{"allow":["GET"]}}],"collection":[{"href":"https:\/\/www.cyclaigoual-vtt-route.com\/index.php\/wp-json\/wp\/v2\/pages"}],"about":[{"href":"https:\/\/www.cyclaigoual-vtt-route.com\/index.php\/wp-json\/wp\/v2\/types\/page"}],"author":[{"embeddable":true,"href":"https:\/\/www.cyclaigoual-vtt-route.com\/index.php\/wp-json\/wp\/v2\/users\/2"}],"replies":[{"embeddable":true,"href":"https:\/\/www.cyclaigoual-vtt-route.com\/index.php\/wp-json\/wp\/v2\/comments?post=42"}],"version-history":[{"count":17,"href":"https:\/\/www.cyclaigoual-vtt-route.com\/index.php\/wp-json\/wp\/v2\/pages\/42\/revisions"}],"predecessor-version":[{"id":2281,"href":"https:\/\/www.cyclaigoual-vtt-route.com\/index.php\/wp-json\/wp\/v2\/pages\/42\/revisions\/2281"}],"wp:attachment":[{"href":"https:\/\/www.cyclaigoual-vtt-route.com\/index.php\/wp-json\/wp\/v2\/media?parent=42"}],"curies":[{"name":"wp","href":"https:\/\/api.w.org\/{rel}","templated":true}]}}